{"id":38,"date":"2012-10-01T15:58:34","date_gmt":"2012-10-01T12:58:34","guid":{"rendered":"http:\/\/cenkcelebioglu.com\/en\/?page_id=38"},"modified":"2022-07-08T19:25:43","modified_gmt":"2022-07-08T16:25:43","slug":"music","status":"publish","type":"page","link":"https:\/\/www.cenkcelebioglu.com\/tr\/music\/","title":{"rendered":"MUSIC"},"content":{"rendered":"<h1 style=\"color:black;font-size:18px;\"><b>SINGLES &#038; ALBUMS<\/b><br \/>\n<br \/>\n<iframe loading=\"lazy\" title=\"Spotify Embed: Mosaique\" style=\"border-radius: 12px\" width=\"100%\" height=\"80\" frameborder=\"0\" allowfullscreen allow=\"autoplay; clipboard-write; encrypted-media; fullscreen; picture-in-picture\" src=\"https:\/\/open.spotify.com\/embed\/track\/2OkuWIxj5Di6fIa1uJt4FD?si=bca2e654b4f5431e&#038;utm_source=oembed\"><\/iframe><br \/>\n<iframe loading=\"lazy\" title=\"Spotify Embed: Purified\" style=\"border-radius: 12px\" width=\"100%\" height=\"80\" frameborder=\"0\" allowfullscreen allow=\"autoplay; clipboard-write; encrypted-media; fullscreen; picture-in-picture\" src=\"https:\/\/open.spotify.com\/embed\/track\/3gBxiUJoEd7CPmoKmOd10a?si=af33174eb9774ed5&#038;utm_source=oembed\"><\/iframe><br \/>\n<iframe loading=\"lazy\" title=\"Spotify Embed: Yolum Sensin\" style=\"border-radius: 12px\" width=\"100%\" height=\"80\" frameborder=\"0\" allowfullscreen allow=\"autoplay; clipboard-write; encrypted-media; fullscreen; picture-in-picture\" src=\"https:\/\/open.spotify.com\/embed\/track\/1s9jTwex6MGuIVOd1sw87l?si=87c59f0e15634a7a&#038;utm_source=oembed\"><\/iframe><\/p>\n<div class='row'><div style='padding-bottom:20px;' class='span12 first-module module_number_1 module_cont  module_divider'><hr class=\" \"><\/div><!-- .module_cont --><\/div><div class='row'><div style='padding-bottom:10px;' class='span12  module_number_2 module_cont  module_text_area'><div class='bg_title'><h3 style='' class='headInModule'>SOUNDTRACK (FILMS & VIDEO GAMES)<\/h3><\/div>\r\n                <div class='module_content'>\r\n                    \r\n                <\/div><\/div><!-- .module_cont --><\/div><div class='row'><div style='padding-bottom:20px;' class='span6  module_number_3 module_cont  module_html'><div class='bg_title'><h5 style='' class='headInModule'>\u015eEREF MESELES\u0130<\/h5><\/div>\r\n                <div class='module_content'>\r\n                    <iframe width=\"100%\" height=\"450\" scrolling=\"no\" frameborder=\"no\" allow=\"autoplay\" src=\"https:\/\/w.soundcloud.com\/player\/?url=https%3A\/\/api.soundcloud.com\/playlists\/225626477&color=%23ff5500&auto_play=false&hide_related=false&show_comments=true&show_user=true&show_reposts=false&show_teaser=true\"><\/iframe>\r\n                <\/div><\/div><!-- .module_cont --><div style='padding-bottom:20px;' class='span6  module_number_4 module_cont  module_html'><div class='bg_title'><h5 style='' class='headInModule'>SADECE SEN<\/h5><\/div>\r\n                <div class='module_content'>\r\n                    <iframe width=\"100%\" height=\"450\" scrolling=\"no\" frameborder=\"no\" src=\"https:\/\/w.soundcloud.com\/player\/?url=https%3A\/\/api.soundcloud.com\/playlists\/29406279&color=ff5500&auto_play=false&hide_related=false&show_comments=true&show_user=true&show_reposts=false\"><\/iframe>\r\n\r\n                <\/div><\/div><!-- .module_cont --><\/div><div class='row'><div style='padding-bottom:20px;' class='span6  module_number_5 module_cont  module_html'><div class='bg_title'><h5 style='' class='headInModule'>SONSUZ B\u0130R A\u015eK<\/h5><\/div>\r\n                <div class='module_content'>\r\n                    <iframe width=\"100%\" height=\"450\" scrolling=\"no\" frameborder=\"no\" allow=\"autoplay\" src=\"https:\/\/w.soundcloud.com\/player\/?url=https%3A\/\/api.soundcloud.com\/playlists\/224966596&color=%23ff5500&auto_play=false&hide_related=false&show_comments=true&show_user=true&show_reposts=false&show_teaser=true\"><\/iframe>\r\n                <\/div><\/div><!-- .module_cont --><div style='padding-bottom:20px;' class='span6  module_number_6 module_cont  module_html'><div class='bg_title'><h5 style='' class='headInModule'>YA\u011eMUR KIYAMET \u00c7\u0130\u00c7E\u011e\u0130<\/h5><\/div>\r\n                <div class='module_content'>\r\n                    <iframe width=\"100%\" height=\"450\" scrolling=\"no\" frameborder=\"no\" allow=\"autoplay\" src=\"https:\/\/w.soundcloud.com\/player\/?url=https%3A\/\/api.soundcloud.com\/playlists\/224754090&color=%23ff5500&auto_play=false&hide_related=false&show_comments=true&show_user=true&show_reposts=false&show_teaser=true\"><\/iframe>\r\n                <\/div><\/div><!-- .module_cont --><\/div><div class='row'><div style='padding-bottom:20px;' class='span6  module_number_7 module_cont  module_html'><div class='bg_title'><h5 style='' class='headInModule'>EV\u0130M SENS\u0130N<\/h5><\/div>\r\n                <div class='module_content'>\r\n                    <iframe width=\"100%\" height=\"450\" scrolling=\"no\" frameborder=\"no\" src=\"https:\/\/w.soundcloud.com\/player\/?url=https%3A\/\/api.soundcloud.com\/playlists\/29408877&color=ff5500&auto_play=false&hide_related=false&show_comments=true&show_user=true&show_reposts=false\"><\/iframe>\r\n                <\/div><\/div><!-- .module_cont --><div style='padding-bottom:20px;' class='span6  module_number_8 module_cont  module_html'><div class='bg_title'><h5 style='' class='headInModule'>SON \u0130STASYON<\/h5><\/div>\r\n                <div class='module_content'>\r\n                    <iframe width=\"100%\" height=\"450\" scrolling=\"no\" frameborder=\"no\" src=\"https:\/\/w.soundcloud.com\/player\/?url=https%3A\/\/api.soundcloud.com\/playlists\/2139698&color=ff5500&auto_play=false&hide_related=false&show_comments=true&show_user=true&show_reposts=false\"><\/iframe>\r\n                <\/div><\/div><!-- .module_cont --><\/div><div class='row'><div style='padding-bottom:20px;' class='span6  module_number_9 module_cont  module_html'><div class='bg_title'><h5 style='' class='headInModule'>VIDEO GAMES<\/h5><\/div>\r\n                <div class='module_content'>\r\n                    <iframe width=\"100%\" height=\"450\" scrolling=\"no\" frameborder=\"no\" src=\"https:\/\/w.soundcloud.com\/player\/?url=https%3A\/\/api.soundcloud.com\/playlists\/194771742&color=ff5500&auto_play=false&hide_related=false&show_comments=true&show_user=true&show_reposts=false\"><\/iframe>\r\n                <\/div><\/div><!-- .module_cont --><div style='padding-bottom:20px;' class='span6  module_number_10 module_cont  module_html'><div class='bg_title'><h5 style='' class='headInModule'>TEASER & TRAILERS<\/h5><\/div>\r\n                <div class='module_content'>\r\n                    <iframe width=\"100%\" height=\"450\" scrolling=\"no\" frameborder=\"no\" src=\"https:\/\/w.soundcloud.com\/player\/?url=https%3A\/\/api.soundcloud.com\/playlists\/194778456&color=ff5500&auto_play=false&hide_related=false&show_comments=true&show_user=true&show_reposts=false\"><\/iframe>\r\n                <\/div><\/div><!-- .module_cont --><\/div><div class='row'><div style='padding-bottom:20px;' class='span12  module_number_11 module_cont  module_divider'><hr class=\" \"><\/div><!-- .module_cont --><\/div><div class='row'><div style='padding-bottom:10px;' class='span12  module_number_12 module_cont  module_text_area'><div class='bg_title'><h3 style='' class='headInModule'>CENK'S MUSIC<\/h3><\/div>\r\n                <div class='module_content'>\r\n                    \r\n                <\/div><\/div><!-- .module_cont --><\/div><div class='row'><div style='padding-bottom:20px;' class='span6  module_number_13 module_cont  module_html'><div class='bg_title'><h5 style='color:#d78b65;' class='headInModule'>ACTION & EPIC<\/h5><\/div>\r\n                <div class='module_content'>\r\n                    <iframe width=\"100%\" height=\"450\" scrolling=\"no\" frameborder=\"no\" src=\"https:\/\/w.soundcloud.com\/player\/?url=https%3A\/\/api.soundcloud.com\/playlists\/2083634&color=d78b65&auto_play=false&hide_related=false&show_comments=true&show_user=true&show_reposts=false\"><\/iframe>\r\n\r\n                <\/div><\/div><!-- .module_cont --><div style='padding-bottom:20px;' class='span6  module_number_14 module_cont  module_html'><div class='bg_title'><h5 style='color:#8ab690;' class='headInModule'>ETHNIC & MYSTIC<\/h5><\/div>\r\n                <div class='module_content'>\r\n                    <iframe width=\"100%\" height=\"450\" scrolling=\"no\" frameborder=\"no\" src=\"https:\/\/w.soundcloud.com\/player\/?url=https%3A\/\/api.soundcloud.com\/playlists\/2083623&color=8ab690&auto_play=false&hide_related=false&show_comments=true&show_user=true&show_reposts=false\"><\/iframe>\r\n                <\/div><\/div><!-- .module_cont --><\/div><div class='row'><div style='padding-bottom:20px;' class='span6  module_number_15 module_cont  module_html'><div class='bg_title'><h5 style='color:#d06b6b;' class='headInModule'>DRAMA & THEME<\/h5><\/div>\r\n                <div class='module_content'>\r\n                    <iframe width=\"100%\" height=\"450\" scrolling=\"no\" frameborder=\"no\" src=\"https:\/\/w.soundcloud.com\/player\/?url=https%3A\/\/api.soundcloud.com\/playlists\/2083532&color=d06b6b&auto_play=false&hide_related=false&show_comments=true&show_user=true&show_reposts=false\"><\/iframe>\r\n                <\/div><\/div><!-- .module_cont --><div style='padding-bottom:20px;' class='span6  module_number_16 module_cont  module_html'><div class='bg_title'><h5 style='color:#6c9ccc;' class='headInModule'>TENSE & ELECTRONIC<\/h5><\/div>\r\n                <div class='module_content'>\r\n                    <iframe width=\"100%\" height=\"450\" scrolling=\"no\" frameborder=\"no\" src=\"https:\/\/w.soundcloud.com\/player\/?url=https%3A\/\/api.soundcloud.com\/playlists\/2083507&color=6c9ccc&auto_play=false&hide_related=false&show_comments=true&show_user=true&show_reposts=false\"><\/iframe>\r\n                <\/div><\/div><!-- .module_cont --><\/div>","protected":false},"excerpt":{"rendered":"<p>SINGLES &#038; ALBUMS SOUNDTRACK (FILMS &#038; VIDEO GAMES) \u015eEREF MESELES\u0130 SADECE SEN SONSUZ B\u0130R A\u015eK YA\u011eMUR KIYAMET \u00c7\u0130\u00c7E\u011e\u0130 EV\u0130M SENS\u0130N SON \u0130STASYON VIDEO GAMES TEASER &#038; TRAILERS CENK&#8217;S MUSIC ACTION &#038; EPIC ETHNIC &#038; MYSTIC DRAMA &#038; THEME TENSE &#038; ELECTRONIC<\/p>\n","protected":false},"author":5,"featured_media":0,"parent":0,"menu_order":0,"comment_status":"open","ping_status":"closed","template":"","meta":[],"_links":{"self":[{"href":"https:\/\/www.cenkcelebioglu.com\/tr\/wp-json\/wp\/v2\/pages\/38"}],"collection":[{"href":"https:\/\/www.cenkcelebioglu.com\/tr\/wp-json\/wp\/v2\/pages"}],"about":[{"href":"https:\/\/www.cenkcelebioglu.com\/tr\/wp-json\/wp\/v2\/types\/page"}],"author":[{"embeddable":true,"href":"https:\/\/www.cenkcelebioglu.com\/tr\/wp-json\/wp\/v2\/users\/5"}],"replies":[{"embeddable":true,"href":"https:\/\/www.cenkcelebioglu.com\/tr\/wp-json\/wp\/v2\/comments?post=38"}],"version-history":[{"count":69,"href":"https:\/\/www.cenkcelebioglu.com\/tr\/wp-json\/wp\/v2\/pages\/38\/revisions"}],"predecessor-version":[{"id":3852,"href":"https:\/\/www.cenkcelebioglu.com\/tr\/wp-json\/wp\/v2\/pages\/38\/revisions\/3852"}],"wp:attachment":[{"href":"https:\/\/www.cenkcelebioglu.com\/tr\/wp-json\/wp\/v2\/media?parent=38"}],"curies":[{"name":"wp","href":"https:\/\/api.w.org\/{rel}","templated":true}]}}